{"id":24,"date":"2024-08-29T18:03:31","date_gmt":"2024-08-29T18:03:31","guid":{"rendered":"https:\/\/kristalkagit.com\/fr\/?page_id=24"},"modified":"2024-08-29T18:03:31","modified_gmt":"2024-08-29T18:03:31","slug":"decouvrez-nous","status":"publish","type":"page","link":"https:\/\/kristalkagit.com\/fr\/decouvrez-nous\/","title":{"rendered":"D\u00e9couvrez-nous"},"content":{"rendered":"<p>KR\u0130STAL KA\u011eIT\u00c7ILIK LTD. \u015eT\u0130. vise \u00e0 cr\u00e9er une valeur continue pour ses clients et ses employ\u00e9s. Consciente de l&#8217;importance croissante de la vision institutionnelle, tout autant que de la performance financi\u00e8re, dans une p\u00e9riode o\u00f9 la concurrence et le changement s&#8217;acc\u00e9l\u00e8rent, l&#8217;entreprise s&#8217;est donn\u00e9 pour mission de cro\u00eetre avec les entreprises avec lesquelles<br \/>\nelle collabore, d&#8217;\u00e9lever le niveau de qualit\u00e9 et de d\u00e9velopper de nouveaux produits. Dans le secteur de l&#8217;emballage, elle poursuit ses activit\u00e9s de mani\u00e8re honn\u00eate et transparente, avec un syst\u00e8me de gestion et de vente ax\u00e9 sur la satisfaction client, bas\u00e9 sur la confiance. Dans le cadre de sa responsabilit\u00e9 sociale, elle vise \u00e0 mettre en \u0153uvre des innovations<br \/>\nen phase avec celles de ses homologues dans le monde, gr\u00e2ce \u00e0 une \u00e9quipe jeune et dynamique, ouverte \u00e0 tous les changements.<\/p>\n","protected":false},"excerpt":{"rendered":"<p>KR\u0130STAL KA\u011eIT\u00c7ILIK LTD. \u015eT\u0130. vise \u00e0 cr\u00e9er une valeur continue pour ses clients et ses employ\u00e9s. Consciente de l&#8217;importance croissante de la vision institutionnelle, tout autant que de la performance financi\u00e8re, dans une p\u00e9riode o\u00f9 la concurrence et le changement s&#8217;acc\u00e9l\u00e8rent, l&#8217;entreprise s&#8217;est donn\u00e9 pour mission de cro\u00eetre avec les entreprises avec lesquelles elle collabore, d&#8217;\u00e9lever le niveau de qualit\u00e9 et de d\u00e9velopper de nouveaux produits. Dans le secteur de l&#8217;emballage, elle poursuit ses activit\u00e9s de mani\u00e8re honn\u00eate et transparente, avec un syst\u00e8me de gestion et de vente ax\u00e9 sur la satisfaction client, bas\u00e9 sur la confiance. Dans le cadre&#8230; <\/p>\n","protected":false},"author":1,"featured_media":0,"parent":0,"menu_order":0,"comment_status":"closed","ping_status":"closed","template":"","meta":{"footnotes":""},"class_list":["post-24","page","type-page","status-publish","hentry"],"jetpack_sharing_enabled":true,"_links":{"self":[{"href":"https:\/\/kristalkagit.com\/fr\/wp-json\/wp\/v2\/pages\/24","targetHints":{"allow":["GET"]}}],"collection":[{"href":"https:\/\/kristalkagit.com\/fr\/wp-json\/wp\/v2\/pages"}],"about":[{"href":"https:\/\/kristalkagit.com\/fr\/wp-json\/wp\/v2\/types\/page"}],"author":[{"embeddable":true,"href":"https:\/\/kristalkagit.com\/fr\/wp-json\/wp\/v2\/users\/1"}],"replies":[{"embeddable":true,"href":"https:\/\/kristalkagit.com\/fr\/wp-json\/wp\/v2\/comments?post=24"}],"version-history":[{"count":1,"href":"https:\/\/kristalkagit.com\/fr\/wp-json\/wp\/v2\/pages\/24\/revisions"}],"predecessor-version":[{"id":25,"href":"https:\/\/kristalkagit.com\/fr\/wp-json\/wp\/v2\/pages\/24\/revisions\/25"}],"wp:attachment":[{"href":"https:\/\/kristalkagit.com\/fr\/wp-json\/wp\/v2\/media?parent=24"}],"curies":[{"name":"wp","href":"https:\/\/api.w.org\/{rel}","templated":true}]}}