{"id":22,"date":"2024-08-29T18:02:20","date_gmt":"2024-08-29T18:02:20","guid":{"rendered":"https:\/\/kristalkagit.com\/fr\/?page_id=22"},"modified":"2024-08-29T18:02:20","modified_gmt":"2024-08-29T18:02:20","slug":"nos-informations","status":"publish","type":"page","link":"https:\/\/kristalkagit.com\/fr\/nos-informations\/","title":{"rendered":"Nos informations"},"content":{"rendered":"<h2><img data-recalc-dims=\"1\" loading=\"lazy\" decoding=\"async\" class=\"alignleft size-full wp-image-39\" src=\"https:\/\/i0.wp.com\/kristalkagit.com\/wp-content\/uploads\/2022\/12\/indir.png?resize=259%2C194&#038;ssl=1\" alt=\"\u0130so 9001\" width=\"259\" height=\"194\" \/>ISO 9001:2015 Syst\u00e8me de gestion de la qualit\u00e9, nous utilisons des technologies modernes dans le secteur de la production de papier pour offrir \u00e0 nos clients des produits de haute qualit\u00e9.<\/h2>\n","protected":false},"excerpt":{"rendered":"<p>ISO 9001:2015 Syst\u00e8me de gestion de la qualit\u00e9, nous utilisons des technologies modernes dans le secteur de la production de papier pour offrir \u00e0 nos clients des produits de haute qualit\u00e9.<\/p>\n","protected":false},"author":1,"featured_media":0,"parent":0,"menu_order":0,"comment_status":"closed","ping_status":"closed","template":"","meta":{"footnotes":""},"class_list":["post-22","page","type-page","status-publish","hentry"],"jetpack_sharing_enabled":true,"_links":{"self":[{"href":"https:\/\/kristalkagit.com\/fr\/wp-json\/wp\/v2\/pages\/22","targetHints":{"allow":["GET"]}}],"collection":[{"href":"https:\/\/kristalkagit.com\/fr\/wp-json\/wp\/v2\/pages"}],"about":[{"href":"https:\/\/kristalkagit.com\/fr\/wp-json\/wp\/v2\/types\/page"}],"author":[{"embeddable":true,"href":"https:\/\/kristalkagit.com\/fr\/wp-json\/wp\/v2\/users\/1"}],"replies":[{"embeddable":true,"href":"https:\/\/kristalkagit.com\/fr\/wp-json\/wp\/v2\/comments?post=22"}],"version-history":[{"count":1,"href":"https:\/\/kristalkagit.com\/fr\/wp-json\/wp\/v2\/pages\/22\/revisions"}],"predecessor-version":[{"id":23,"href":"https:\/\/kristalkagit.com\/fr\/wp-json\/wp\/v2\/pages\/22\/revisions\/23"}],"wp:attachment":[{"href":"https:\/\/kristalkagit.com\/fr\/wp-json\/wp\/v2\/media?parent=22"}],"curies":[{"name":"wp","href":"https:\/\/api.w.org\/{rel}","templated":true}]}}