{"id":35,"date":"2024-06-07T21:24:04","date_gmt":"2024-06-07T21:24:04","guid":{"rendered":"https:\/\/kristalkagit.com\/en\/?page_id=35"},"modified":"2024-06-07T21:26:16","modified_gmt":"2024-06-07T21:26:16","slug":"contact","status":"publish","type":"page","link":"https:\/\/kristalkagit.com\/en\/contact\/","title":{"rendered":"Contact Us"},"content":{"rendered":"<h1><strong>KR\u0130STAL KA\u011eIT\u00c7ILIK LTD. \u015eT\u0130.<\/strong><\/h1>\n<h3>Sar\u0131hamzal\u0131 Mahallesi 47004 Sokak No:10\/B Seyhan \/ ADANA<\/h3>\n<h3>Phone: +90533 138 3140<\/h3>\n<p>&nbsp;<\/p>\n<div style=\"display: flex; gap: 10px;\"><a href=\"https:\/\/www.facebook.com\/profile.php?id=100033224744055\" target=\"_blank\" rel=\"noopener\"><br \/>\n<img decoding=\"async\" style=\"width: 40px; height: 40px;\" src=\"https:\/\/upload.wikimedia.org\/wikipedia\/commons\/5\/51\/Facebook_f_logo_%282019%29.svg\" alt=\"Facebook\" \/><br \/>\n<\/a><br \/>\n<a href=\"https:\/\/www.instagram.com\/kristalkagitcilik\/\" target=\"_blank\" rel=\"noopener\"><br \/>\n<img decoding=\"async\" style=\"width: 40px; height: 40px;\" src=\"https:\/\/upload.wikimedia.org\/wikipedia\/commons\/a\/a5\/Instagram_icon.png\" alt=\"Instagram\" \/><br \/>\n<\/a><\/div>\n<p>&nbsp;<\/p>\n<p>&nbsp;<\/p>\n<p><iframe loading=\"lazy\" style=\"border: 0;\" src=\"https:\/\/www.google.com\/maps\/embed?pb=!1m14!1m8!1m3!1d12749.00136532023!2d35.221619!3d36.9799572!3m2!1i1024!2i768!4f13.1!3m3!1m2!1s0x0%3A0x50fa38fdc3313c83!2zS1LEsFNUQUwgS0HEnklUw4dJTElLIExURC4gxZ5UxLAu!5e0!3m2!1str!2str!4v1670154018688!5m2!1str!2str\" width=\"600\" height=\"450\" allowfullscreen=\"allowfullscreen\"><\/iframe><\/p>\n","protected":false},"excerpt":{"rendered":"<p>KR\u0130STAL KA\u011eIT\u00c7ILIK LTD. \u015eT\u0130. Sar\u0131hamzal\u0131 Mahallesi 47004 Sokak No:10\/B Seyhan \/ ADANA Phone: +90533 138 3140 &nbsp; &nbsp; &nbsp;<\/p>\n","protected":false},"author":1,"featured_media":0,"parent":0,"menu_order":0,"comment_status":"closed","ping_status":"closed","template":"template-contact.php","meta":{"footnotes":""},"class_list":["post-35","page","type-page","status-publish","hentry"],"_links":{"self":[{"href":"https:\/\/kristalkagit.com\/en\/wp-json\/wp\/v2\/pages\/35","targetHints":{"allow":["GET"]}}],"collection":[{"href":"https:\/\/kristalkagit.com\/en\/wp-json\/wp\/v2\/pages"}],"about":[{"href":"https:\/\/kristalkagit.com\/en\/wp-json\/wp\/v2\/types\/page"}],"author":[{"embeddable":true,"href":"https:\/\/kristalkagit.com\/en\/wp-json\/wp\/v2\/users\/1"}],"replies":[{"embeddable":true,"href":"https:\/\/kristalkagit.com\/en\/wp-json\/wp\/v2\/comments?post=35"}],"version-history":[{"count":2,"href":"https:\/\/kristalkagit.com\/en\/wp-json\/wp\/v2\/pages\/35\/revisions"}],"predecessor-version":[{"id":37,"href":"https:\/\/kristalkagit.com\/en\/wp-json\/wp\/v2\/pages\/35\/revisions\/37"}],"wp:attachment":[{"href":"https:\/\/kristalkagit.com\/en\/wp-json\/wp\/v2\/media?parent=35"}],"curies":[{"name":"wp","href":"https:\/\/api.w.org\/{rel}","templated":true}]}}